{"id":411,"date":"2025-05-19T19:43:49","date_gmt":"2025-05-19T19:43:49","guid":{"rendered":"https:\/\/logispack.com.mx\/?page_id=411"},"modified":"2025-05-24T17:38:30","modified_gmt":"2025-05-24T17:38:30","slug":"outsourcing","status":"publish","type":"page","link":"https:\/\/logispack.com.mx\/index.php\/outsourcing\/","title":{"rendered":"OUTSOURCING"},"content":{"rendered":"\n<h3><strong>\u00bfQu\u00e9 es el Outsourcing?<\/strong><\/h3>\n\n\n\n<p>El <strong>outsourcing<\/strong>, o subcontrataci\u00f3n, es un modelo de gesti\u00f3n en el que una empresa contrata a otra para que se haga cargo de ciertas funciones, procesos o \u00e1reas de trabajo. Esto permite a las empresas enfocarse en sus actividades principales, reducir costos operativos, y contar con personal capacitado sin asumir directamente la contrataci\u00f3n ni la administraci\u00f3n del talento humano.<\/p>\n\n\n\n<hr class=\"wp-block-separator has-alpha-channel-opacity\"\/>\n\n\n\n<h3><strong>Outsourcing en Logispack<\/strong><\/h3>\n\n\n\n<p>En <strong>Logispack<\/strong>, ofrecemos un servicio de outsourcing flexible y eficiente. Contamos con <strong>personal propio altamente capacitado<\/strong> para apoyar en todos los servicios que brindamos \u2014como retr\u00e1ctilado, emplayado, armado de cajas, entre otros\u2014 o, si lo prefieres, <strong>te proporcionamos el personal adecuado para integrarse a tu empresa<\/strong> seg\u00fan tus necesidades.<\/p>\n\n\n\n<p>Nos encargamos de todo el proceso administrativo, legal y operativo del recurso humano, para que t\u00fa solo te enfoques en tus metas. Ya sea para cubrir un pico de producci\u00f3n, realizar tareas especializadas o mantener una operaci\u00f3n constante, en Logispack somos tu socio estrat\u00e9gico en talento y operaci\u00f3n.<\/p>\n","protected":false},"excerpt":{"rendered":"<p>\u00bfQu\u00e9 es el Outsourcing? El outsourcing, o subcontrataci\u00f3n, es un modelo de gesti\u00f3n en el que una empresa contrata a otra para que se haga cargo de ciertas funciones, procesos o \u00e1reas de trabajo. Esto permite a las empresas enfocarse en sus actividades principales, reducir costos operativos, y contar con personal capacitado sin asumir directamente [&hellip;]<\/p>\n","protected":false},"author":1,"featured_media":0,"parent":0,"menu_order":0,"comment_status":"closed","ping_status":"closed","template":"","meta":{"om_disable_all_campaigns":false,"_mi_skip_tracking":false},"aioseo_notices":[],"_links":{"self":[{"href":"https:\/\/logispack.com.mx\/index.php\/wp-json\/wp\/v2\/pages\/411"}],"collection":[{"href":"https:\/\/logispack.com.mx\/index.php\/wp-json\/wp\/v2\/pages"}],"about":[{"href":"https:\/\/logispack.com.mx\/index.php\/wp-json\/wp\/v2\/types\/page"}],"author":[{"embeddable":true,"href":"https:\/\/logispack.com.mx\/index.php\/wp-json\/wp\/v2\/users\/1"}],"replies":[{"embeddable":true,"href":"https:\/\/logispack.com.mx\/index.php\/wp-json\/wp\/v2\/comments?post=411"}],"version-history":[{"count":2,"href":"https:\/\/logispack.com.mx\/index.php\/wp-json\/wp\/v2\/pages\/411\/revisions"}],"predecessor-version":[{"id":432,"href":"https:\/\/logispack.com.mx\/index.php\/wp-json\/wp\/v2\/pages\/411\/revisions\/432"}],"wp:attachment":[{"href":"https:\/\/logispack.com.mx\/index.php\/wp-json\/wp\/v2\/media?parent=411"}],"curies":[{"name":"wp","href":"https:\/\/api.w.org\/{rel}","templated":true}]}}