{"id":413,"date":"2025-05-19T19:44:08","date_gmt":"2025-05-19T19:44:08","guid":{"rendered":"https:\/\/logispack.com.mx\/?page_id=413"},"modified":"2025-05-24T17:37:19","modified_gmt":"2025-05-24T17:37:19","slug":"headhunter","status":"publish","type":"page","link":"https:\/\/logispack.com.mx\/index.php\/headhunter\/","title":{"rendered":"HEADHUNTER"},"content":{"rendered":"\n<p>En <strong>Logispack<\/strong>, entendemos que el talento adecuado puede transformar la operaci\u00f3n de una empresa. Nuestro servicio de <strong>headhunter<\/strong> est\u00e1 enfocado en la <strong>b\u00fasqueda y selecci\u00f3n de perfiles especializados<\/strong>, directivos y mandos medios que se adapten a las necesidades estrat\u00e9gicas de cada cliente.<\/p>\n\n\n\n<p>Nos encargamos de <strong>identificar, evaluar y atraer a los mejores candidatos del mercado<\/strong>, utilizando herramientas de reclutamiento avanzado y un conocimiento profundo del entorno laboral en M\u00e9xico. Ya sea para proyectos log\u00edsticos, operativos o administrativos, en Logispack conectamos a las empresas con profesionales altamente calificados que impulsan resultados.<\/p>\n","protected":false},"excerpt":{"rendered":"<p>En Logispack, entendemos que el talento adecuado puede transformar la operaci\u00f3n de una empresa. Nuestro servicio de headhunter est\u00e1 enfocado en la b\u00fasqueda y selecci\u00f3n de perfiles especializados, directivos y mandos medios que se adapten a las necesidades estrat\u00e9gicas de cada cliente. Nos encargamos de identificar, evaluar y atraer a los mejores candidatos del mercado, [&hellip;]<\/p>\n","protected":false},"author":1,"featured_media":0,"parent":0,"menu_order":0,"comment_status":"closed","ping_status":"closed","template":"","meta":{"om_disable_all_campaigns":false,"_mi_skip_tracking":false},"aioseo_notices":[],"_links":{"self":[{"href":"https:\/\/logispack.com.mx\/index.php\/wp-json\/wp\/v2\/pages\/413"}],"collection":[{"href":"https:\/\/logispack.com.mx\/index.php\/wp-json\/wp\/v2\/pages"}],"about":[{"href":"https:\/\/logispack.com.mx\/index.php\/wp-json\/wp\/v2\/types\/page"}],"author":[{"embeddable":true,"href":"https:\/\/logispack.com.mx\/index.php\/wp-json\/wp\/v2\/users\/1"}],"replies":[{"embeddable":true,"href":"https:\/\/logispack.com.mx\/index.php\/wp-json\/wp\/v2\/comments?post=413"}],"version-history":[{"count":2,"href":"https:\/\/logispack.com.mx\/index.php\/wp-json\/wp\/v2\/pages\/413\/revisions"}],"predecessor-version":[{"id":431,"href":"https:\/\/logispack.com.mx\/index.php\/wp-json\/wp\/v2\/pages\/413\/revisions\/431"}],"wp:attachment":[{"href":"https:\/\/logispack.com.mx\/index.php\/wp-json\/wp\/v2\/media?parent=413"}],"curies":[{"name":"wp","href":"https:\/\/api.w.org\/{rel}","templated":true}]}}