{"id":415,"date":"2025-05-19T19:44:39","date_gmt":"2025-05-19T19:44:39","guid":{"rendered":"https:\/\/logispack.com.mx\/?page_id=415"},"modified":"2025-05-24T17:40:53","modified_gmt":"2025-05-24T17:40:53","slug":"horas-hombre-por-jornada","status":"publish","type":"page","link":"https:\/\/logispack.com.mx\/index.php\/horas-hombre-por-jornada\/","title":{"rendered":"HORAS HOMBRE Y POR JORNADA"},"content":{"rendered":"\n<h3><strong>Servicio por Horas Hombre y por Jornada<\/strong><\/h3>\n\n\n\n<p>En <strong>Logispack<\/strong>, entendemos que cada operaci\u00f3n tiene necesidades distintas en tiempos y recursos. Por eso ofrecemos personal capacitado <strong>por horas hombre o por jornada<\/strong>, seg\u00fan lo que tu proyecto requiera.<\/p>\n\n\n\n<p>Este servicio te permite <strong>contratar fuerza laboral de forma flexible<\/strong>, ya sea por tareas espec\u00edficas, picos de producci\u00f3n o trabajos eventuales, sin comprometerte a una contrataci\u00f3n fija. Nuestro equipo est\u00e1 listo para integrarse a tus procesos<\/p>\n","protected":false},"excerpt":{"rendered":"<p>Servicio por Horas Hombre y por Jornada En Logispack, entendemos que cada operaci\u00f3n tiene necesidades distintas en tiempos y recursos. Por eso ofrecemos personal capacitado por horas hombre o por jornada, seg\u00fan lo que tu proyecto requiera. Este servicio te permite contratar fuerza laboral de forma flexible, ya sea por tareas espec\u00edficas, picos de producci\u00f3n [&hellip;]<\/p>\n","protected":false},"author":1,"featured_media":0,"parent":0,"menu_order":0,"comment_status":"closed","ping_status":"closed","template":"","meta":{"om_disable_all_campaigns":false,"_mi_skip_tracking":false},"aioseo_notices":[],"_links":{"self":[{"href":"https:\/\/logispack.com.mx\/index.php\/wp-json\/wp\/v2\/pages\/415"}],"collection":[{"href":"https:\/\/logispack.com.mx\/index.php\/wp-json\/wp\/v2\/pages"}],"about":[{"href":"https:\/\/logispack.com.mx\/index.php\/wp-json\/wp\/v2\/types\/page"}],"author":[{"embeddable":true,"href":"https:\/\/logispack.com.mx\/index.php\/wp-json\/wp\/v2\/users\/1"}],"replies":[{"embeddable":true,"href":"https:\/\/logispack.com.mx\/index.php\/wp-json\/wp\/v2\/comments?post=415"}],"version-history":[{"count":3,"href":"https:\/\/logispack.com.mx\/index.php\/wp-json\/wp\/v2\/pages\/415\/revisions"}],"predecessor-version":[{"id":435,"href":"https:\/\/logispack.com.mx\/index.php\/wp-json\/wp\/v2\/pages\/415\/revisions\/435"}],"wp:attachment":[{"href":"https:\/\/logispack.com.mx\/index.php\/wp-json\/wp\/v2\/media?parent=415"}],"curies":[{"name":"wp","href":"https:\/\/api.w.org\/{rel}","templated":true}]}}