{"id":417,"date":"2025-05-19T19:45:10","date_gmt":"2025-05-19T19:45:10","guid":{"rendered":"https:\/\/logispack.com.mx\/?page_id=417"},"modified":"2025-05-24T17:40:09","modified_gmt":"2025-05-24T17:40:09","slug":"servicio-de-almacenamiento-por-posicion-mensual-y-anual","status":"publish","type":"page","link":"https:\/\/logispack.com.mx\/index.php\/servicio-de-almacenamiento-por-posicion-mensual-y-anual\/","title":{"rendered":"SERVICIO DE ALMACENAMIENTO POR POSICI\u00d3N MENSUAL Y ANUAL"},"content":{"rendered":"\n<h3><strong>Servicio de Almacenamiento por Posici\u00f3n \u2013 Mensual y Anual<\/strong><\/h3>\n\n\n\n<p>En <strong>Logispack<\/strong>, ofrecemos soluciones de <strong>almacenamiento por posici\u00f3n<\/strong>, dise\u00f1adas para empresas que necesitan resguardar sus productos de forma segura, ordenada y eficiente. Nuestro servicio est\u00e1 disponible en esquemas <strong>mensuales y anuales<\/strong>, adapt\u00e1ndonos a tus necesidades operativas y log\u00edsticas.<\/p>\n\n\n\n<p>Cada posici\u00f3n equivale a un espacio asignado dentro de nuestros almacenes, ideal para almacenar tarimas, cajas o mercanc\u00eda espec\u00edfica. Este modelo permite un <strong>mejor control de inventario, reducci\u00f3n de costos fijos y mayor flexibilidad log\u00edstica<\/strong>.<\/p>\n\n\n\n<p>Ya sea para almacenamiento temporal o a largo plazo, en <strong>Logispack<\/strong> cuidamos tu producto como si fuera nuestro, con personal capacitado, sistemas de control y un enfoque 100% orientado al cliente.<\/p>\n","protected":false},"excerpt":{"rendered":"<p>Servicio de Almacenamiento por Posici\u00f3n \u2013 Mensual y Anual En Logispack, ofrecemos soluciones de almacenamiento por posici\u00f3n, dise\u00f1adas para empresas que necesitan resguardar sus productos de forma segura, ordenada y eficiente. Nuestro servicio est\u00e1 disponible en esquemas mensuales y anuales, adapt\u00e1ndonos a tus necesidades operativas y log\u00edsticas. Cada posici\u00f3n equivale a un espacio asignado dentro [&hellip;]<\/p>\n","protected":false},"author":1,"featured_media":0,"parent":0,"menu_order":0,"comment_status":"closed","ping_status":"closed","template":"","meta":{"om_disable_all_campaigns":false,"_mi_skip_tracking":false},"aioseo_notices":[],"_links":{"self":[{"href":"https:\/\/logispack.com.mx\/index.php\/wp-json\/wp\/v2\/pages\/417"}],"collection":[{"href":"https:\/\/logispack.com.mx\/index.php\/wp-json\/wp\/v2\/pages"}],"about":[{"href":"https:\/\/logispack.com.mx\/index.php\/wp-json\/wp\/v2\/types\/page"}],"author":[{"embeddable":true,"href":"https:\/\/logispack.com.mx\/index.php\/wp-json\/wp\/v2\/users\/1"}],"replies":[{"embeddable":true,"href":"https:\/\/logispack.com.mx\/index.php\/wp-json\/wp\/v2\/comments?post=417"}],"version-history":[{"count":2,"href":"https:\/\/logispack.com.mx\/index.php\/wp-json\/wp\/v2\/pages\/417\/revisions"}],"predecessor-version":[{"id":433,"href":"https:\/\/logispack.com.mx\/index.php\/wp-json\/wp\/v2\/pages\/417\/revisions\/433"}],"wp:attachment":[{"href":"https:\/\/logispack.com.mx\/index.php\/wp-json\/wp\/v2\/media?parent=417"}],"curies":[{"name":"wp","href":"https:\/\/api.w.org\/{rel}","templated":true}]}}