{"id":42,"date":"2023-02-20T20:17:54","date_gmt":"2023-02-20T20:17:54","guid":{"rendered":"https:\/\/logispack.com.mx\/?page_id=42"},"modified":"2023-02-22T17:48:51","modified_gmt":"2023-02-22T17:48:51","slug":"retractilado-de-productos","status":"publish","type":"page","link":"https:\/\/logispack.com.mx\/index.php\/retractilado-de-productos\/","title":{"rendered":"RETRACTILADO DE PRODUCTOS"},"content":{"rendered":"\n<p><a href=\"https:\/\/semihoms.com\/?page_id=150\"><\/a><\/p>\n\n\n\n<p>SERVICIO DE<\/p>\n\n\n\n<h3>RETRACTILADO DE PRODUCTOS<\/h3>\n\n\n\n<p>El retractilado es una t\u00e9cnica de embalaje que consiste en envolver la mercanc\u00eda en un film termopl\u00e1stico para que al ser transportada no sufra de alg\u00fan da\u00f1o o se ensucie.<br><br>En LOGISPACK tenemos a\u00f1os de experiencia con el servicio de retractilado de productos, siempre ofreciendo calidad y prontitud.<br><br>Si requieres de este servicio no dudes en contactarnos mediante WhatsApp o rellenando el siguiente formulario y un especialista te contactara a la brevedad.<\/p>\n\n\n\n<p><a href=\"https:\/\/semihoms.com\/?page_id=260\">Contactanos<\/a><\/p>\n\n\n\n<h3>COMO SE HACE EL RETRACTILADO?<\/h3>\n\n\n\n<p>Primero se envuelve la mercanc\u00eda en un film pl\u00e1stico y a continuaci\u00f3n se corta a la medida de la mercanc\u00eda, despu\u00e9s pasa por un horno especial para que el envoltorio se contraiga y se adapte a la forma del producto.<br><\/p>\n\n\n\n<figure class=\"wp-block-image\"><img decoding=\"async\" src=\"https:\/\/semihoms.com\/wp-content\/uploads\/2023\/01\/01retractilado.jpg\" alt=\"\" title=\"\"\/><\/figure>\n\n\n\n<p>Algunos de los productos mas comunes a los que se les suele aplicar el retractilado, son los libros y revistas. Esto con el fin de evitar de que al estar en los puntos de venta alg\u00fan, lector lea el contenido del libro, ensucie o da\u00f1e sus paginas<br>Los paquetes con peque\u00f1as piezas como los colores de madera por ejemplo, tambi\u00e9n se retractilan para evitar el robo de su contenido<\/p>\n\n\n\n<figure class=\"wp-block-image\"><img decoding=\"async\" src=\"https:\/\/semihoms.com\/wp-content\/uploads\/2023\/01\/Retractilado.jpg\" alt=\"\" title=\"\"\/><\/figure>\n\n\n\n<p>Son infinitos los ejemplos de productos que pueden ser retractilados.<br>Si necesitas saber mas no dudes en comunicarte con nostros<\/p>\n\n\n\n<p><a href=\"https:\/\/semihoms.com\/?page_id=260#\">Escr\u00edbenos <\/a><a href=\"https:\/\/semihoms.com\/?page_id=260#\">Obt\u00e9n mas informaci\u00f3n y cotiza con nosotros sin costo<\/a><\/p>\n","protected":false},"excerpt":{"rendered":"<p>SERVICIO DE RETRACTILADO DE PRODUCTOS El retractilado es una t\u00e9cnica de embalaje que consiste en envolver la mercanc\u00eda en un film termopl\u00e1stico para que al ser transportada no sufra de alg\u00fan da\u00f1o o se ensucie. En LOGISPACK tenemos a\u00f1os de experiencia con el servicio de retractilado de productos, siempre ofreciendo calidad y prontitud. Si requieres [&hellip;]<\/p>\n","protected":false},"author":1,"featured_media":0,"parent":0,"menu_order":0,"comment_status":"closed","ping_status":"closed","template":"","meta":{"om_disable_all_campaigns":false,"_mi_skip_tracking":false},"aioseo_notices":[],"_links":{"self":[{"href":"https:\/\/logispack.com.mx\/index.php\/wp-json\/wp\/v2\/pages\/42"}],"collection":[{"href":"https:\/\/logispack.com.mx\/index.php\/wp-json\/wp\/v2\/pages"}],"about":[{"href":"https:\/\/logispack.com.mx\/index.php\/wp-json\/wp\/v2\/types\/page"}],"author":[{"embeddable":true,"href":"https:\/\/logispack.com.mx\/index.php\/wp-json\/wp\/v2\/users\/1"}],"replies":[{"embeddable":true,"href":"https:\/\/logispack.com.mx\/index.php\/wp-json\/wp\/v2\/comments?post=42"}],"version-history":[{"count":2,"href":"https:\/\/logispack.com.mx\/index.php\/wp-json\/wp\/v2\/pages\/42\/revisions"}],"predecessor-version":[{"id":133,"href":"https:\/\/logispack.com.mx\/index.php\/wp-json\/wp\/v2\/pages\/42\/revisions\/133"}],"wp:attachment":[{"href":"https:\/\/logispack.com.mx\/index.php\/wp-json\/wp\/v2\/media?parent=42"}],"curies":[{"name":"wp","href":"https:\/\/api.w.org\/{rel}","templated":true}]}}