{"id":50,"date":"2023-02-20T20:24:33","date_gmt":"2023-02-20T20:24:33","guid":{"rendered":"https:\/\/logispack.com.mx\/?page_id=50"},"modified":"2023-03-31T14:47:30","modified_gmt":"2023-03-31T14:47:30","slug":"armado-de-cajas","status":"publish","type":"page","link":"https:\/\/logispack.com.mx\/index.php\/armado-de-cajas\/","title":{"rendered":"ARMADO DE CAJAS"},"content":{"rendered":"\n<p>Nos encargamos del ensamblado de cajas de cart\u00f3n corrugado,  procesamos grandes vol\u00famenes de cajas y te ahorramos tiempo y dinero.<br>Armamos una amplia gama de cajas a medida de sus productos, y ofrecemos soluciones de sellado de cajas con cinta o con adhesivo termofusible.<\/p>\n\n\n<div class=\"wp-block-image\">\n<figure class=\"aligncenter size-full\"><img decoding=\"async\" loading=\"lazy\" width=\"275\" height=\"183\" src=\"https:\/\/logispack.com.mx\/wp-content\/uploads\/2023\/03\/imagen.png\" alt=\"\" class=\"wp-image-368\"\/><\/figure><\/div>\n\n\n<p><br>Nuestros equipos de armado de cajas se adaptan a cualquier proceso de armado y cambios , ya sean de tama\u00f1o o forma, r\u00e1pidamente sin necesidad de utilizar herramientas sofisticadas .<br>La contrataci\u00f3n de nuestro equipo de armado de cajas, garantiza cajas bien armadas, lo que se traduce en un aumento de la eficacia en toda la cadena de suministro y equipos intermedios.<br>Los equipos de armado de cajas pueden integrarse en l\u00edneas nuevas o existentes.<\/p>\n\n\n\n<p>Todas las soluciones se fabrican a medida de sus requisitos de producci\u00f3n espec\u00edficos.<\/p>\n\n\n\n<div class=\"is-layout-flex wp-container-3 wp-block-columns\">\n<div class=\"is-layout-flow wp-block-column\">\n<p class=\"has-text-align-center\">Si desea saber mas no dude en contactarse con nosotros. <\/p>\n<\/div>\n\n\n\n<div class=\"is-layout-flow wp-block-column\"><div class=\"wp-block-image\">\n<figure class=\"aligncenter size-full\"><img decoding=\"async\" loading=\"lazy\" width=\"275\" height=\"183\" src=\"https:\/\/logispack.com.mx\/wp-content\/uploads\/2023\/02\/armado-de-cajas-2.jpg\" alt=\"\" class=\"wp-image-119\"\/><\/figure><\/div><\/div>\n<\/div>\n\n\n<div class=\"wpforms-container wpforms-container-full\" id=\"wpforms-226\"><form id=\"wpforms-form-226\" class=\"wpforms-validate wpforms-form wpforms-ajax-form\" data-formid=\"226\" method=\"post\" enctype=\"multipart\/form-data\" action=\"\/index.php\/wp-json\/wp\/v2\/pages\/50\" data-token=\"c0118f67a5d918a2f7a989d4509c2053\"><noscript class=\"wpforms-error-noscript\">Please enable JavaScript in your browser to complete this form.<\/noscript><div class=\"wpforms-field-container\"><div id=\"wpforms-226-field_0-container\" class=\"wpforms-field wpforms-field-name\" data-field-id=\"0\"><label class=\"wpforms-field-label\" for=\"wpforms-226-field_0\">Nombre <span class=\"wpforms-required-label\">*<\/span><\/label><div class=\"wpforms-field-row wpforms-field-medium\"><div class=\"wpforms-field-row-block wpforms-first wpforms-one-half\"><input type=\"text\" id=\"wpforms-226-field_0\" class=\"wpforms-field-name-first wpforms-field-required\" name=\"wpforms[fields][0][first]\" required><label for=\"wpforms-226-field_0\" class=\"wpforms-field-sublabel after \">First<\/label><\/div><div class=\"wpforms-field-row-block wpforms-one-half\"><input type=\"text\" id=\"wpforms-226-field_0-last\" class=\"wpforms-field-name-last wpforms-field-required\" name=\"wpforms[fields][0][last]\" required><label for=\"wpforms-226-field_0-last\" class=\"wpforms-field-sublabel after \">Last<\/label><\/div><\/div><\/div><div id=\"wpforms-226-field_1-container\" class=\"wpforms-field wpforms-field-email\" data-field-id=\"1\"><label class=\"wpforms-field-label\" for=\"wpforms-226-field_1\">Email <span class=\"wpforms-required-label\">*<\/span><\/label><input type=\"email\" id=\"wpforms-226-field_1\" class=\"wpforms-field-medium wpforms-field-required\" name=\"wpforms[fields][1]\" required><\/div><div id=\"wpforms-226-field_3-container\" class=\"wpforms-field wpforms-field-number\" data-field-id=\"3\"><label class=\"wpforms-field-label\" for=\"wpforms-226-field_3\">Telefono<\/label><input type=\"number\" pattern=\"\\d*\" id=\"wpforms-226-field_3\" class=\"wpforms-field-medium\" name=\"wpforms[fields][3]\" ><\/div><div id=\"wpforms-226-field_2-container\" class=\"wpforms-field wpforms-field-textarea\" data-field-id=\"2\"><label class=\"wpforms-field-label\" for=\"wpforms-226-field_2\">Mensaje<\/label><textarea id=\"wpforms-226-field_2\" class=\"wpforms-field-medium\" name=\"wpforms[fields][2]\" ><\/textarea><\/div><\/div><div class=\"wpforms-submit-container\"><input type=\"hidden\" name=\"wpforms[id]\" value=\"226\"><input type=\"hidden\" name=\"wpforms[author]\" value=\"1\"><button type=\"submit\" name=\"wpforms[submit]\" id=\"wpforms-submit-226\" class=\"wpforms-submit\" data-alt-text=\"Sending...\" data-submit-text=\"Submit\" aria-live=\"assertive\" value=\"wpforms-submit\">Submit<\/button><img src=\"https:\/\/logispack.com.mx\/wp-content\/plugins\/wpforms-lite\/assets\/images\/submit-spin.svg\" class=\"wpforms-submit-spinner\" style=\"display: none;\" width=\"26\" height=\"26\" alt=\"Loading\"><\/div><\/form><\/div>  <!-- .wpforms-container -->","protected":false},"excerpt":{"rendered":"<p>Nos encargamos del ensamblado de cajas de cart\u00f3n corrugado, procesamos grandes vol\u00famenes de cajas y te ahorramos tiempo y dinero.Armamos una amplia gama de cajas a medida de sus productos, y ofrecemos soluciones de sellado de cajas con cinta o con adhesivo termofusible. Nuestros equipos de armado de cajas se adaptan a cualquier proceso de [&hellip;]<\/p>\n","protected":false},"author":1,"featured_media":0,"parent":0,"menu_order":0,"comment_status":"closed","ping_status":"closed","template":"","meta":{"om_disable_all_campaigns":false,"_mi_skip_tracking":false},"aioseo_notices":[],"_links":{"self":[{"href":"https:\/\/logispack.com.mx\/index.php\/wp-json\/wp\/v2\/pages\/50"}],"collection":[{"href":"https:\/\/logispack.com.mx\/index.php\/wp-json\/wp\/v2\/pages"}],"about":[{"href":"https:\/\/logispack.com.mx\/index.php\/wp-json\/wp\/v2\/types\/page"}],"author":[{"embeddable":true,"href":"https:\/\/logispack.com.mx\/index.php\/wp-json\/wp\/v2\/users\/1"}],"replies":[{"embeddable":true,"href":"https:\/\/logispack.com.mx\/index.php\/wp-json\/wp\/v2\/comments?post=50"}],"version-history":[{"count":5,"href":"https:\/\/logispack.com.mx\/index.php\/wp-json\/wp\/v2\/pages\/50\/revisions"}],"predecessor-version":[{"id":369,"href":"https:\/\/logispack.com.mx\/index.php\/wp-json\/wp\/v2\/pages\/50\/revisions\/369"}],"wp:attachment":[{"href":"https:\/\/logispack.com.mx\/index.php\/wp-json\/wp\/v2\/media?parent=50"}],"curies":[{"name":"wp","href":"https:\/\/api.w.org\/{rel}","templated":true}]}}