{"id":52,"date":"2023-02-20T20:24:57","date_gmt":"2023-02-20T20:24:57","guid":{"rendered":"https:\/\/logispack.com.mx\/?page_id=52"},"modified":"2023-03-23T16:07:27","modified_gmt":"2023-03-23T16:07:27","slug":"plastiflechado","status":"publish","type":"page","link":"https:\/\/logispack.com.mx\/index.php\/plastiflechado\/","title":{"rendered":"PLASTIFLECHADO"},"content":{"rendered":"\n<div class=\"is-layout-flex wp-container-3 wp-block-columns\">\n<div class=\"is-layout-flow wp-block-column\">\n<p>El plastiflechado es el etiquedado de textiles y calzado ya que ;<br>Para que  se puedan comercializar art\u00edculos textiles y de calzado en el territorio nacional mexicano estos deben de cumplir con cierta norma de etiquetado para asegurar la informaci\u00f3n y protecci\u00f3n del consumidor<br>Da <a href=\"https:\/\/logispack.com.mx\/index.php\/contacto\/\">click <\/a>aqu\u00ed para cotizar<\/p>\n<\/div>\n\n\n\n<div class=\"is-layout-flow wp-block-column\"><div class=\"wp-block-image\">\n<figure class=\"aligncenter size-full\"><img decoding=\"async\" loading=\"lazy\" width=\"180\" height=\"180\" src=\"https:\/\/logispack.com.mx\/wp-content\/uploads\/2023\/03\/Plastiflechado.jpg\" alt=\"\" class=\"wp-image-213\" srcset=\"https:\/\/logispack.com.mx\/wp-content\/uploads\/2023\/03\/Plastiflechado.jpg 180w, https:\/\/logispack.com.mx\/wp-content\/uploads\/2023\/03\/Plastiflechado-150x150.jpg 150w\" sizes=\"(max-width: 180px) 100vw, 180px\" \/><\/figure><\/div><\/div>\n<\/div>\n\n\n\n<p>En LOGISPACK nos encargamos de realizar este paso para que puedas comercializar tus productos de textil y calzado con toda seguridad<br>\u00bfQu\u00e9 informaci\u00f3n se requiere en la etiqueta de prendas de vestir y calzado?<br>En general, las etiquetas para prendas de vestir deben proporcionar, como m\u00ednimo, la siguiente informaci\u00f3n:<br>Nombre de los materiales componentes y su porcentaje de contenido.<br>Informaci\u00f3n para el cuidado de la prendas(como lavarla y plancharla).<br>La talla en n\u00fameros y letras.<br>Datos del importador y del fabricante.<\/p>\n\n\n\n<figure class=\"wp-block-image size-large\"><img decoding=\"async\" src=\"https:\/\/logispack.com.mx\/wp-content\/uploads\/2023\/03\/kindpng_3381970-1024x49.png\" alt=\"\" class=\"wp-image-298\"\/><\/figure>\n\n\n\n<div style=\"height:15px\" aria-hidden=\"true\" class=\"wp-block-spacer\"><\/div>\n\n\n\n<div class=\"is-layout-flex wp-container-6 wp-block-columns\">\n<div class=\"is-layout-flow wp-block-column\">\n<p>Por su parte, las etiquetas referentes al calzado se requieren, entre otros, los siguientes datos:<br>Tipo de piel o material con que fue confeccionado.<br>Tipo de piel o material para los forros.<br>Talla, ancho.<br>Tipo de suela.<br>Pa\u00eds de origen.<br>El s\u00edmbolo de cuero.<\/p>\n<\/div>\n\n\n\n<div class=\"is-layout-flow wp-block-column\"><div class=\"wp-block-image\">\n<figure class=\"aligncenter size-full is-resized\"><img decoding=\"async\" loading=\"lazy\" src=\"https:\/\/logispack.com.mx\/wp-content\/uploads\/2023\/03\/etiqueta-de-calzado.jpg\" alt=\"\" class=\"wp-image-294\" width=\"491\" height=\"275\"\/><\/figure><\/div><\/div>\n<\/div>\n\n\n\n<p><br><\/p>\n","protected":false},"excerpt":{"rendered":"<p>El plastiflechado es el etiquedado de textiles y calzado ya que ;Para que se puedan comercializar art\u00edculos textiles y de calzado en el territorio nacional mexicano estos deben de cumplir con cierta norma de etiquetado para asegurar la informaci\u00f3n y protecci\u00f3n del consumidorDa click aqu\u00ed para cotizar En LOGISPACK nos encargamos de realizar este paso [&hellip;]<\/p>\n","protected":false},"author":1,"featured_media":0,"parent":0,"menu_order":0,"comment_status":"closed","ping_status":"closed","template":"","meta":{"om_disable_all_campaigns":false,"_mi_skip_tracking":false},"aioseo_notices":[],"_links":{"self":[{"href":"https:\/\/logispack.com.mx\/index.php\/wp-json\/wp\/v2\/pages\/52"}],"collection":[{"href":"https:\/\/logispack.com.mx\/index.php\/wp-json\/wp\/v2\/pages"}],"about":[{"href":"https:\/\/logispack.com.mx\/index.php\/wp-json\/wp\/v2\/types\/page"}],"author":[{"embeddable":true,"href":"https:\/\/logispack.com.mx\/index.php\/wp-json\/wp\/v2\/users\/1"}],"replies":[{"embeddable":true,"href":"https:\/\/logispack.com.mx\/index.php\/wp-json\/wp\/v2\/comments?post=52"}],"version-history":[{"count":7,"href":"https:\/\/logispack.com.mx\/index.php\/wp-json\/wp\/v2\/pages\/52\/revisions"}],"predecessor-version":[{"id":301,"href":"https:\/\/logispack.com.mx\/index.php\/wp-json\/wp\/v2\/pages\/52\/revisions\/301"}],"wp:attachment":[{"href":"https:\/\/logispack.com.mx\/index.php\/wp-json\/wp\/v2\/media?parent=52"}],"curies":[{"name":"wp","href":"https:\/\/api.w.org\/{rel}","templated":true}]}}