{"id":58,"date":"2023-02-20T20:26:29","date_gmt":"2023-02-20T20:26:29","guid":{"rendered":"https:\/\/logispack.com.mx\/?page_id=58"},"modified":"2023-03-31T15:06:29","modified_gmt":"2023-03-31T15:06:29","slug":"empaque-de-productos","status":"publish","type":"page","link":"https:\/\/logispack.com.mx\/index.php\/empaque-de-productos\/","title":{"rendered":"EMPAQUE DE PRODUCTOS"},"content":{"rendered":"\n<p>El<strong> empaque de productos<\/strong> es un elemento fundamental en la log\u00edstica y transporte de mercanc\u00edas. Gracias a el, se asegura la buena conservaci\u00f3n de los productos, as\u00ed como que estos lleguen en perfectas condiciones al consumidor.<\/p>\n\n\n\n<p> Si quieres saber m\u00e1s sobre el<strong> empaque de productos <\/strong>, sobre sus diferencias y tipos\u00a0 o requieres que lo hagamos por ti \u00a0contactanos dando click <a href=\"https:\/\/logispack.com.mx\/index.php\/contacto\/\" title=\"CONTACTO LOGISPACK\">aqu\u00ed.<\/a><\/p>\n\n\n\n<p class=\"has-text-align-center\"><br><img decoding=\"async\" loading=\"lazy\" width=\"289\" height=\"174\" src=\"http:\/\/semihoms.com\/wp-content\/uploads\/2023\/01\/03-empacado.jpg\" alt=\"\"><br><br>En log\u00edstica y transporte, hablamos de<strong> empaque<\/strong> para referirnos a una serie de envoltorios que garantizan la correcta conservaci\u00f3n y transporte de los productos.<\/p>\n\n\n\n<div style=\"height:55px\" aria-hidden=\"true\" class=\"wp-block-spacer\"><\/div>\n\n\n\n<h3>QUE ES EL EMPAQUE?<\/h3>\n\n\n\n<p>El empaque es un tipo de envoltorio cuya funci\u00f3n principal es agrupar varias unidades de un mismo producto en una misma unidad (paquete). Adem\u00e1s, el empaque tambi\u00e9n cuenta con im\u00e1genes y texto impreso que llegan al consumidor, por lo que se convierte en una herramienta de promoci\u00f3n y marketing del propio producto.<\/p>\n\n\n<div class=\"wp-block-image\">\n<figure class=\"aligncenter size-full\"><img decoding=\"async\" loading=\"lazy\" width=\"294\" height=\"172\" src=\"https:\/\/logispack.com.mx\/wp-content\/uploads\/2023\/03\/imagen-1.png\" alt=\"\" class=\"wp-image-373\"\/><\/figure><\/div>\n\n\n<p><br><br>Si no cuentas con el personal y herramienta necesaria para empacar tu mercanc\u00eda en LOGISPACK lo hacemos por ti.<\/p>\n\n\n\n<p><br>Tambi\u00e9n etiquetamos tu mercanc\u00eda y ofrecemos mas servicios de este estilo.<br>Puedes consultar todos nuestros servicios dando click en el bot\u00f3n de abajo<\/p>\n\n\n\n<p><a href=\"https:\/\/semihoms.com\/?page_id=150\"><\/a><\/p>\n\n\n\n<p><a href=\"https:\/\/logispack.com.mx\/index.php\/gerente-de-operacion\/\" title=\"\">Ver m\u00e1s.<\/a><\/p>\n","protected":false},"excerpt":{"rendered":"<p>El empaque de productos es un elemento fundamental en la log\u00edstica y transporte de mercanc\u00edas. Gracias a el, se asegura la buena conservaci\u00f3n de los productos, as\u00ed como que estos lleguen en perfectas condiciones al consumidor. Si quieres saber m\u00e1s sobre el empaque de productos , sobre sus diferencias y tipos\u00a0 o requieres que lo [&hellip;]<\/p>\n","protected":false},"author":1,"featured_media":0,"parent":0,"menu_order":0,"comment_status":"closed","ping_status":"closed","template":"","meta":{"om_disable_all_campaigns":false,"_mi_skip_tracking":false},"aioseo_notices":[],"_links":{"self":[{"href":"https:\/\/logispack.com.mx\/index.php\/wp-json\/wp\/v2\/pages\/58"}],"collection":[{"href":"https:\/\/logispack.com.mx\/index.php\/wp-json\/wp\/v2\/pages"}],"about":[{"href":"https:\/\/logispack.com.mx\/index.php\/wp-json\/wp\/v2\/types\/page"}],"author":[{"embeddable":true,"href":"https:\/\/logispack.com.mx\/index.php\/wp-json\/wp\/v2\/users\/1"}],"replies":[{"embeddable":true,"href":"https:\/\/logispack.com.mx\/index.php\/wp-json\/wp\/v2\/comments?post=58"}],"version-history":[{"count":5,"href":"https:\/\/logispack.com.mx\/index.php\/wp-json\/wp\/v2\/pages\/58\/revisions"}],"predecessor-version":[{"id":375,"href":"https:\/\/logispack.com.mx\/index.php\/wp-json\/wp\/v2\/pages\/58\/revisions\/375"}],"wp:attachment":[{"href":"https:\/\/logispack.com.mx\/index.php\/wp-json\/wp\/v2\/media?parent=58"}],"curies":[{"name":"wp","href":"https:\/\/api.w.org\/{rel}","templated":true}]}}