{"id":60,"date":"2023-02-20T20:26:55","date_gmt":"2023-02-20T20:26:55","guid":{"rendered":"https:\/\/logispack.com.mx\/?page_id=60"},"modified":"2023-02-22T17:58:11","modified_gmt":"2023-02-22T17:58:11","slug":"etiquetado","status":"publish","type":"page","link":"https:\/\/logispack.com.mx\/index.php\/etiquetado\/","title":{"rendered":"ETIQUETADO"},"content":{"rendered":"\n<p>SERVICIO DE<\/p>\n\n\n\n<h3>ETIQUETADO<\/h3>\n\n\n\n<p>Los productos comercializados en M\u00e9xico deben contar con etiquetas que cumplan con lo establecido por las Normas Oficiales Mexicanas a fin de informar cabalmente al consumidor de su contenido y forma de uso.<br>Las funciones de una etiqueta tienen que ver tanto con la promoci\u00f3n del producto como con la informaci\u00f3n completa sobre sus caracter\u00edsticas para permitir al usuario saber qu\u00e9 est\u00e1 comprando y tomar una buena decisi\u00f3n<br>Las etiquetas, por tanto, sirven para:<\/p>\n\n\n\n<ol>\n<li>Identificar el producto y a su fabricante.<\/li>\n\n\n\n<li>Calificar la calidad del producto.<\/li>\n\n\n\n<li>Describir el producto y sus usos.<\/li>\n\n\n\n<li>Promover el producto con un dise\u00f1o atractivo.<\/li>\n<\/ol>\n\n\n\n<h3>COMO SE IDENTIFICAN LAS ETIQUETAS ?<\/h3>\n\n\n\n<p>Los tipos de etiquetas se pueden catalogar de diferentes maneras. En el sentido mencionado anteriormente, por ejemplo, se dice que las etiquetas&nbsp;son persuasivas y\/o informativas.<br>Pero tambi\u00e9n se les puede clasificar como:<\/p>\n\n\n\n<ul>\n<li>Obligatorias o no obligatorias, seg\u00fan deban cumplir o no con lo dispuesto por las autoridades para protecci\u00f3n de la salud o la econom\u00eda de los consumidores.<\/li>\n\n\n\n<li>Descriptivas, que detallan ingredientes, formas de uso, recomendaciones de conservaci\u00f3n, fecha de caducidad, etc. Por lo general, son las que cumplen lo indicado por las Normas Oficiales Mexicanas (NOM).<\/li>\n\n\n\n<li>Promocionales, que sirven para atraer la atenci\u00f3n del consumidor y promover las virtudes del producto.<\/li>\n\n\n\n<li>De marca, como las de la ropa que indican el nombre del fabricante o dise\u00f1ador.<\/li>\n\n\n\n<li>De grado, que clasifican al producto por su calidad.<\/li>\n<\/ul>\n\n\n\n<h3>QUE INFORMACI\u00d3N DEBEN DE INCLUIR ?<\/h3>\n\n\n\n<p>Seg\u00fan la NOM-050-SCFI-2004, una etiqueta debe incluir informaci\u00f3n comercial b\u00e1sica que permita a los consumidores saber cu\u00e1l es el contenido, qu\u00e9 ingredientes tiene, c\u00f3mo debe usarse y conservarse, qui\u00e9n es el fabricante, cu\u00e1l es la procedencia, cu\u00e1l es la fecha de caducidad y, en su caso, las advertencias de cualquier riesgo por su manejo o consumo.<br>A toda esta informaci\u00f3n, que debe estar en espa\u00f1ol en la etiqueta de productos de procedencia extranjera cuyo empaque est\u00e9 en otro idioma, se debe a\u00f1adir el C\u00f3digo de Barras que permita tanto el \u00f3ptimo manejo del producto a lo largo de la cadena de suministro como el r\u00e1pido y correcto cobro en cajas a los consumidores.<br><br>En LOGISPACK contamos con los siguientes servicios de etiquetado:<br>*Etiqueta de precisi\u00f3n (UVA)<br>*Etiquetado de precio o precio colocado<br>*Etiquetado de c\u00f3digo o ISBN<br><br>Si requieres saber mas no dudes en contactarnos dando click <a href=\"https:\/\/semihoms.com\/?page_id=152\">aqui<\/a><\/p>\n","protected":false},"excerpt":{"rendered":"<p>SERVICIO DE ETIQUETADO Los productos comercializados en M\u00e9xico deben contar con etiquetas que cumplan con lo establecido por las Normas Oficiales Mexicanas a fin de informar cabalmente al consumidor de su contenido y forma de uso.Las funciones de una etiqueta tienen que ver tanto con la promoci\u00f3n del producto como con la informaci\u00f3n completa sobre [&hellip;]<\/p>\n","protected":false},"author":1,"featured_media":0,"parent":0,"menu_order":0,"comment_status":"closed","ping_status":"closed","template":"","meta":{"om_disable_all_campaigns":false,"_mi_skip_tracking":false},"aioseo_notices":[],"_links":{"self":[{"href":"https:\/\/logispack.com.mx\/index.php\/wp-json\/wp\/v2\/pages\/60"}],"collection":[{"href":"https:\/\/logispack.com.mx\/index.php\/wp-json\/wp\/v2\/pages"}],"about":[{"href":"https:\/\/logispack.com.mx\/index.php\/wp-json\/wp\/v2\/types\/page"}],"author":[{"embeddable":true,"href":"https:\/\/logispack.com.mx\/index.php\/wp-json\/wp\/v2\/users\/1"}],"replies":[{"embeddable":true,"href":"https:\/\/logispack.com.mx\/index.php\/wp-json\/wp\/v2\/comments?post=60"}],"version-history":[{"count":2,"href":"https:\/\/logispack.com.mx\/index.php\/wp-json\/wp\/v2\/pages\/60\/revisions"}],"predecessor-version":[{"id":139,"href":"https:\/\/logispack.com.mx\/index.php\/wp-json\/wp\/v2\/pages\/60\/revisions\/139"}],"wp:attachment":[{"href":"https:\/\/logispack.com.mx\/index.php\/wp-json\/wp\/v2\/media?parent=60"}],"curies":[{"name":"wp","href":"https:\/\/api.w.org\/{rel}","templated":true}]}}