{"id":64,"date":"2023-02-20T20:27:53","date_gmt":"2023-02-20T20:27:53","guid":{"rendered":"https:\/\/logispack.com.mx\/?page_id=64"},"modified":"2023-03-14T21:20:21","modified_gmt":"2023-03-14T21:20:21","slug":"nosotros","status":"publish","type":"page","link":"https:\/\/logispack.com.mx\/index.php\/nosotros\/","title":{"rendered":"NOSOTROS"},"content":{"rendered":"\n<p class=\"has-text-align-center\">ACERCA DE<\/p>\n\n\n\n<h3 class=\"has-text-align-center\">NOSOTROS<\/h3>\n\n\n\n<p class=\"has-text-align-center\">LOGISPACK es una empresa con 25 a\u00f1os de prestigio, en el ramo de las maquilas profesionales y cuyo objetivo prioritario es la satisfacci\u00f3n de nuestros clientes; dedicada a dar servicio IN HOUSE esto con el prop\u00f3sito de reducir costos de transporte que son muy significativos si los consideramos anualmente y por otro lado tambi\u00e9n prevenimos los riesgos de salidas y entradas de mercanc\u00eda de su almac\u00e9n<\/p>\n\n\n\n<p><\/p>\n\n\n\n<p>Somos una empresa dedicada a la maquila de alta calidad, utilizando tecnolog\u00eda avanzada y personal altamente capacitado para garantizar resultados excepcionales en cada proyecto que llevamos a cabo. Desde el dise\u00f1o hasta la producci\u00f3n y la entrega, nuestro equipo trabaja en estrecha colaboraci\u00f3n con usted para satisfacer todas sus necesidades de maquila. Estamos comprometidos en brindar soluciones personalizadas y eficientes a nuestros clientes, lo que nos convierte en su socio ideal para la maquila. \u00a1Explore nuestra secci\u00f3n de<a href=\"https:\/\/logispack.com.mx\/index.php\/servicios\/\" title=\"SERVICIOS\"> servicios<\/a> para conocer m\u00e1s acerca de lo que podemos ofrecerle!<\/p>\n\n\n\n<p><\/p>\n\n\n\n<p class=\"has-text-align-center\">La calidad y prontitud son nuestro sello.<br>Contamos con la normativa <a href=\"https:\/\/repse.stps.gob.mx\/\" title=\"\">REPSE<\/a> que avala nuestro compromiso y seriedad con la que tomamos cada uno de los servicios que ofrecemos.<\/p>\n\n\n\n<h3 class=\"has-text-align-center\">MISI\u00d3N<\/h3>\n\n\n\n<p class=\"has-text-align-center\">En virtud de que somos una empresa con m\u00e1s de 25 a\u00f1os de experiencia conformada con capital humano de excelencia realizamos proyectos In House y de Maquila Profesionales con empresas de talla internacional.V<\/p>\n\n\n\n<h3 class=\"has-text-align-center\">VISI\u00d3N<\/h3>\n\n\n\n<p class=\"has-text-align-center\">Cada d\u00eda vivimos nuestra pasi\u00f3n a lo que hacemos, gracias a eso aspiramos ser la empresa l\u00edder en el ramo, ser la mejor opci\u00f3n en planeaci\u00f3n estrat\u00e9gica en los procesos operacionales mejorando el funcionamiento de cada empresa a un precio asequible superando en todo momento la expectativas de nuestros clientes.<\/p>\n\n\n\n<p class=\"has-text-align-center\"><strong>Si est\u00e1s interesado en nuestros servicios y deseas obtener m\u00e1s informaci\u00f3n, te animamos a llenar nuestro formulario de contacto. Es una oportunidad para que nos cuentes tus necesidades y c\u00f3mo podemos ayudarte. Adem\u00e1s, nos permitir\u00e1 contactarnos contigo de manera eficiente y brindarte una respuesta r\u00e1pida y personalizada. Sabemos que puede parecer tedioso llenar un formulario, pero te aseguramos que es la mejor manera de iniciar una comunicaci\u00f3n efectiva entre nosotros. No dudes en llenar el formulario y en breve nos pondremos en contacto contigo para discutir c\u00f3mo podemos ayudarte a alcanzar tus objetivos de producci\u00f3n y manufactura. \u00a1Estamos ansiosos de saber de ti!<\/strong><\/p>\n\n\n<div class=\"wpforms-container wpforms-container-full\" id=\"wpforms-226\"><form id=\"wpforms-form-226\" class=\"wpforms-validate wpforms-form wpforms-ajax-form\" data-formid=\"226\" method=\"post\" enctype=\"multipart\/form-data\" action=\"\/index.php\/wp-json\/wp\/v2\/pages\/64\" data-token=\"c0118f67a5d918a2f7a989d4509c2053\"><noscript class=\"wpforms-error-noscript\">Please enable JavaScript in your browser to complete this form.<\/noscript><div class=\"wpforms-field-container\"><div id=\"wpforms-226-field_0-container\" class=\"wpforms-field wpforms-field-name\" data-field-id=\"0\"><label class=\"wpforms-field-label\" for=\"wpforms-226-field_0\">Nombre <span class=\"wpforms-required-label\">*<\/span><\/label><div class=\"wpforms-field-row wpforms-field-medium\"><div class=\"wpforms-field-row-block wpforms-first wpforms-one-half\"><input type=\"text\" id=\"wpforms-226-field_0\" class=\"wpforms-field-name-first wpforms-field-required\" name=\"wpforms[fields][0][first]\" required><label for=\"wpforms-226-field_0\" class=\"wpforms-field-sublabel after \">First<\/label><\/div><div class=\"wpforms-field-row-block wpforms-one-half\"><input type=\"text\" id=\"wpforms-226-field_0-last\" class=\"wpforms-field-name-last wpforms-field-required\" name=\"wpforms[fields][0][last]\" required><label for=\"wpforms-226-field_0-last\" class=\"wpforms-field-sublabel after \">Last<\/label><\/div><\/div><\/div><div id=\"wpforms-226-field_1-container\" class=\"wpforms-field wpforms-field-email\" data-field-id=\"1\"><label class=\"wpforms-field-label\" for=\"wpforms-226-field_1\">Email <span class=\"wpforms-required-label\">*<\/span><\/label><input type=\"email\" id=\"wpforms-226-field_1\" class=\"wpforms-field-medium wpforms-field-required\" name=\"wpforms[fields][1]\" required><\/div><div id=\"wpforms-226-field_3-container\" class=\"wpforms-field wpforms-field-number\" data-field-id=\"3\"><label class=\"wpforms-field-label\" for=\"wpforms-226-field_3\">Telefono<\/label><input type=\"number\" pattern=\"\\d*\" id=\"wpforms-226-field_3\" class=\"wpforms-field-medium\" name=\"wpforms[fields][3]\" ><\/div><div id=\"wpforms-226-field_2-container\" class=\"wpforms-field wpforms-field-textarea\" data-field-id=\"2\"><label class=\"wpforms-field-label\" for=\"wpforms-226-field_2\">Mensaje<\/label><textarea id=\"wpforms-226-field_2\" class=\"wpforms-field-medium\" name=\"wpforms[fields][2]\" ><\/textarea><\/div><\/div><div class=\"wpforms-submit-container\"><input type=\"hidden\" name=\"wpforms[id]\" value=\"226\"><input type=\"hidden\" name=\"wpforms[author]\" value=\"1\"><button type=\"submit\" name=\"wpforms[submit]\" id=\"wpforms-submit-226\" class=\"wpforms-submit\" data-alt-text=\"Sending...\" data-submit-text=\"Submit\" aria-live=\"assertive\" value=\"wpforms-submit\">Submit<\/button><img src=\"https:\/\/logispack.com.mx\/wp-content\/plugins\/wpforms-lite\/assets\/images\/submit-spin.svg\" class=\"wpforms-submit-spinner\" style=\"display: none;\" width=\"26\" height=\"26\" alt=\"Loading\"><\/div><\/form><\/div>  <!-- .wpforms-container -->","protected":false},"excerpt":{"rendered":"<p>ACERCA DE NOSOTROS LOGISPACK es una empresa con 25 a\u00f1os de prestigio, en el ramo de las maquilas profesionales y cuyo objetivo prioritario es la satisfacci\u00f3n de nuestros clientes; dedicada a dar servicio IN HOUSE esto con el prop\u00f3sito de reducir costos de transporte que son muy significativos si los consideramos anualmente y por otro [&hellip;]<\/p>\n","protected":false},"author":1,"featured_media":0,"parent":0,"menu_order":0,"comment_status":"closed","ping_status":"closed","template":"","meta":{"om_disable_all_campaigns":false,"_mi_skip_tracking":false},"aioseo_notices":[],"_links":{"self":[{"href":"https:\/\/logispack.com.mx\/index.php\/wp-json\/wp\/v2\/pages\/64"}],"collection":[{"href":"https:\/\/logispack.com.mx\/index.php\/wp-json\/wp\/v2\/pages"}],"about":[{"href":"https:\/\/logispack.com.mx\/index.php\/wp-json\/wp\/v2\/types\/page"}],"author":[{"embeddable":true,"href":"https:\/\/logispack.com.mx\/index.php\/wp-json\/wp\/v2\/users\/1"}],"replies":[{"embeddable":true,"href":"https:\/\/logispack.com.mx\/index.php\/wp-json\/wp\/v2\/comments?post=64"}],"version-history":[{"count":4,"href":"https:\/\/logispack.com.mx\/index.php\/wp-json\/wp\/v2\/pages\/64\/revisions"}],"predecessor-version":[{"id":240,"href":"https:\/\/logispack.com.mx\/index.php\/wp-json\/wp\/v2\/pages\/64\/revisions\/240"}],"wp:attachment":[{"href":"https:\/\/logispack.com.mx\/index.php\/wp-json\/wp\/v2\/media?parent=64"}],"curies":[{"name":"wp","href":"https:\/\/api.w.org\/{rel}","templated":true}]}}